{"id":56,"date":"2017-04-04T10:43:13","date_gmt":"2017-04-04T08:43:13","guid":{"rendered":"https:\/\/www.oekobib.lu\/index\/"},"modified":"2019-08-01T16:33:06","modified_gmt":"2019-08-01T14:33:06","slug":"index","status":"publish","type":"page","link":"https:\/\/www.oekobib.lu\/fr\/","title":{"rendered":"oekobib mediath\u00e9ik"},"content":{"rendered":"<section class=\"wpb-content-wrapper\"><p>[vc_row][vc_column][vc_column_text]<\/p>\n<h1>oekobib mediath\u00e9ik<\/h1>\n<p>Bienvenue \u00e0 l\u2019oekobib mediath\u00e9ik, notre biblioth\u00e8que sp\u00e9cialis\u00e9e qui vous propose des ouvrages litt\u00e9raires, des journaux ainsi que des mat\u00e9riaux didactiques issus des domaines les plus vari\u00e9s du d\u00e9veloppement durable.<\/p>\n<p>Vous y trouvez plus de 4000 publications sur la construction et le logement durables, la formation au d\u00e9veloppement durable, la d\u00e9mocratie et l\u2019engagement citoyen, la protection de l\u2019environnement, l\u2019horticulture \u00e9cologique, la g\u00e9n\u00e9tique et la sant\u00e9, l\u2019agriculture \u00e9cologique, la mobilit\u00e9, la protection de la nature et du paysage, le d\u00e9veloppement urbain et l\u2019urbanisme, la gestion \u00e9cologique, ainsi qu\u2019un vaste choix de titres luxembourgeois (Luxemburgensia) dans ces domaines. Une belle s\u00e9lection d\u2019ouvrages dont nous recommandons la lecture.<\/p>\n<p>Diff\u00e9rentes <a href=\"https:\/\/www.oekobib.lu\/fr\/notre-offre\/revues\/\" target=\"_blank\" rel=\"noopener noreferrer\">revues sp\u00e9cialis\u00e9es<\/a> sur les th\u00e8mes mentionn\u00e9s plus haut peuvent \u00eatre consult\u00e9es sur place. Vous trouvez des informations d\u00e9taill\u00e9es sur le <a href=\"https:\/\/www.oekobib.lu\/fr\/informations-pratiques\/pret\/\" target=\"_blank\" rel=\"noopener noreferrer\">pr\u00eat<\/a> ainsi que sur notre offre tr\u00e8s vari\u00e9e (<a href=\"https:\/\/www.oekobib.lu\/fr\/notre-offre\/dossiers-thematiques\/\" target=\"_blank\" rel=\"noopener noreferrer\">dossiers \u00e0 th\u00e8mes<\/a>, pr\u00eat de <a href=\"https:\/\/www.oekobib.lu\/fr\/notre-offre\/materiel\/\" target=\"_blank\" rel=\"noopener noreferrer\">mat\u00e9riel<\/a>, <a href=\"https:\/\/www.oekobib.lu\/fr\/notre-offre\/nouvelles-acquisitions\/\" target=\"_blank\" rel=\"noopener noreferrer\">nouveaut\u00e9s<\/a>) dans les pages de notre site. Notre\u00a0<a href=\"https:\/\/www.oekobib.lu\/fr\/catalogue\/\" target=\"_blank\" rel=\"noopener noreferrer\">catalogue<\/a> ainsi que le moteur de recherche www.a-z.lu du r\u00e9seau des biblioth\u00e8ques luxembourgeoises bibnet.lu de la Biblioth\u00e8que nationale de Luxembourg facilitent votre recherche. Pour toute information compl\u00e9mentaire, nous sommes \u00e0 votre enti\u00e8re disposition. Nous vous souhaitons une belle d\u00e9couverte de ce site int\u00e9ressant!<\/p>\n<p>&nbsp;<\/p>\n<p>[\/vc_column_text][\/vc_column][\/vc_row]<\/p>\n<\/section>","protected":false},"excerpt":{"rendered":"<p>[vc_row][vc_column][vc_column_text] oekobib mediath\u00e9ik Bienvenue \u00e0 l\u2019oekobib mediath\u00e9ik, notre biblioth\u00e8que sp\u00e9cialis\u00e9e qui vous propose des ouvrages litt\u00e9raires, des journaux ainsi que des mat\u00e9riaux didactiques issus des domaines les plus vari\u00e9s du d\u00e9veloppement durable. Vous y trouvez plus de 4000 publications sur la construction et le logement durables, la formation au d\u00e9veloppement durable, la d\u00e9mocratie et l\u2019engagement [&hellip;]<\/p>\n","protected":false},"author":1,"featured_media":0,"parent":0,"menu_order":0,"comment_status":"closed","ping_status":"closed","template":"","meta":{"footnotes":""},"class_list":["post-56","page","type-page","status-publish","hentry"],"yoast_head":"<!-- This site is optimized with the Yoast SEO plugin v27.3 - https:\/\/yoast.com\/product\/yoast-seo-wordpress\/ -->\n<title>oekobib mediath\u00e9ik - Oekobib<\/title>\n<meta name=\"robots\" content=\"index, follow, max-snippet:-1, max-image-preview:large, max-video-preview:-1\" \/>\n<link rel=\"canonical\" href=\"https:\/\/www.oekobib.lu\/\" \/>\n<meta property=\"og:locale\" content=\"fr_FR\" \/>\n<meta property=\"og:type\" content=\"article\" \/>\n<meta property=\"og:title\" content=\"oekobib mediath\u00e9ik - Oekobib\" \/>\n<meta property=\"og:description\" content=\"[vc_row][vc_column][vc_column_text] oekobib mediath\u00e9ik Bienvenue \u00e0 l\u2019oekobib mediath\u00e9ik, notre biblioth\u00e8que sp\u00e9cialis\u00e9e qui vous propose des ouvrages litt\u00e9raires, des journaux ainsi que des mat\u00e9riaux didactiques issus des domaines les plus vari\u00e9s du d\u00e9veloppement durable. Vous y trouvez plus de 4000 publications sur la construction et le logement durables, la formation au d\u00e9veloppement durable, la d\u00e9mocratie et l\u2019engagement [&hellip;]\" \/>\n<meta property=\"og:url\" content=\"https:\/\/www.oekobib.lu\/\" \/>\n<meta property=\"og:site_name\" content=\"Oekobib\" \/>\n<meta property=\"article:modified_time\" content=\"2019-08-01T14:33:06+00:00\" \/>\n<meta name=\"twitter:card\" content=\"summary_large_image\" \/>\n<meta name=\"twitter:label1\" content=\"Dur\u00e9e de lecture estim\u00e9e\" \/>\n\t<meta name=\"twitter:data1\" content=\"1 minute\" \/>\n<script type=\"application\/ld+json\" class=\"yoast-schema-graph\">{\"@context\":\"https:\\\/\\\/schema.org\",\"@graph\":[{\"@type\":\"WebPage\",\"@id\":\"https:\\\/\\\/www.oekobib.lu\\\/\",\"url\":\"https:\\\/\\\/www.oekobib.lu\\\/\",\"name\":\"oekobib mediath\u00e9ik - Oekobib\",\"isPartOf\":{\"@id\":\"https:\\\/\\\/www.oekobib.lu\\\/#website\"},\"datePublished\":\"2017-04-04T08:43:13+00:00\",\"dateModified\":\"2019-08-01T14:33:06+00:00\",\"breadcrumb\":{\"@id\":\"https:\\\/\\\/www.oekobib.lu\\\/#breadcrumb\"},\"inLanguage\":\"fr-FR\",\"potentialAction\":[{\"@type\":\"ReadAction\",\"target\":[\"https:\\\/\\\/www.oekobib.lu\\\/\"]}]},{\"@type\":\"BreadcrumbList\",\"@id\":\"https:\\\/\\\/www.oekobib.lu\\\/#breadcrumb\",\"itemListElement\":[{\"@type\":\"ListItem\",\"position\":1,\"name\":\"Accueil\",\"item\":\"https:\\\/\\\/www.oekobib.lu\\\/\"},{\"@type\":\"ListItem\",\"position\":2,\"name\":\"oekobib mediath\u00e9ik\"}]},{\"@type\":\"WebSite\",\"@id\":\"https:\\\/\\\/www.oekobib.lu\\\/#website\",\"url\":\"https:\\\/\\\/www.oekobib.lu\\\/\",\"name\":\"Oekobib\",\"description\":\"Un site utilisant WordPress\",\"potentialAction\":[{\"@type\":\"SearchAction\",\"target\":{\"@type\":\"EntryPoint\",\"urlTemplate\":\"https:\\\/\\\/www.oekobib.lu\\\/?s={search_term_string}\"},\"query-input\":{\"@type\":\"PropertyValueSpecification\",\"valueRequired\":true,\"valueName\":\"search_term_string\"}}],\"inLanguage\":\"fr-FR\"}]}<\/script>\n<!-- \/ Yoast SEO plugin. -->","yoast_head_json":{"title":"oekobib mediath\u00e9ik - Oekobib","robots":{"index":"index","follow":"follow","max-snippet":"max-snippet:-1","max-image-preview":"max-image-preview:large","max-video-preview":"max-video-preview:-1"},"canonical":"https:\/\/www.oekobib.lu\/","og_locale":"fr_FR","og_type":"article","og_title":"oekobib mediath\u00e9ik - Oekobib","og_description":"[vc_row][vc_column][vc_column_text] oekobib mediath\u00e9ik Bienvenue \u00e0 l\u2019oekobib mediath\u00e9ik, notre biblioth\u00e8que sp\u00e9cialis\u00e9e qui vous propose des ouvrages litt\u00e9raires, des journaux ainsi que des mat\u00e9riaux didactiques issus des domaines les plus vari\u00e9s du d\u00e9veloppement durable. Vous y trouvez plus de 4000 publications sur la construction et le logement durables, la formation au d\u00e9veloppement durable, la d\u00e9mocratie et l\u2019engagement [&hellip;]","og_url":"https:\/\/www.oekobib.lu\/","og_site_name":"Oekobib","article_modified_time":"2019-08-01T14:33:06+00:00","twitter_card":"summary_large_image","twitter_misc":{"Dur\u00e9e de lecture estim\u00e9e":"1 minute"},"schema":{"@context":"https:\/\/schema.org","@graph":[{"@type":"WebPage","@id":"https:\/\/www.oekobib.lu\/","url":"https:\/\/www.oekobib.lu\/","name":"oekobib mediath\u00e9ik - Oekobib","isPartOf":{"@id":"https:\/\/www.oekobib.lu\/#website"},"datePublished":"2017-04-04T08:43:13+00:00","dateModified":"2019-08-01T14:33:06+00:00","breadcrumb":{"@id":"https:\/\/www.oekobib.lu\/#breadcrumb"},"inLanguage":"fr-FR","potentialAction":[{"@type":"ReadAction","target":["https:\/\/www.oekobib.lu\/"]}]},{"@type":"BreadcrumbList","@id":"https:\/\/www.oekobib.lu\/#breadcrumb","itemListElement":[{"@type":"ListItem","position":1,"name":"Accueil","item":"https:\/\/www.oekobib.lu\/"},{"@type":"ListItem","position":2,"name":"oekobib mediath\u00e9ik"}]},{"@type":"WebSite","@id":"https:\/\/www.oekobib.lu\/#website","url":"https:\/\/www.oekobib.lu\/","name":"Oekobib","description":"Un site utilisant WordPress","potentialAction":[{"@type":"SearchAction","target":{"@type":"EntryPoint","urlTemplate":"https:\/\/www.oekobib.lu\/?s={search_term_string}"},"query-input":{"@type":"PropertyValueSpecification","valueRequired":true,"valueName":"search_term_string"}}],"inLanguage":"fr-FR"}]}},"_links":{"self":[{"href":"https:\/\/www.oekobib.lu\/fr\/wp-json\/wp\/v2\/pages\/56","targetHints":{"allow":["GET"]}}],"collection":[{"href":"https:\/\/www.oekobib.lu\/fr\/wp-json\/wp\/v2\/pages"}],"about":[{"href":"https:\/\/www.oekobib.lu\/fr\/wp-json\/wp\/v2\/types\/page"}],"author":[{"embeddable":true,"href":"https:\/\/www.oekobib.lu\/fr\/wp-json\/wp\/v2\/users\/1"}],"replies":[{"embeddable":true,"href":"https:\/\/www.oekobib.lu\/fr\/wp-json\/wp\/v2\/comments?post=56"}],"version-history":[{"count":3,"href":"https:\/\/www.oekobib.lu\/fr\/wp-json\/wp\/v2\/pages\/56\/revisions"}],"predecessor-version":[{"id":2601,"href":"https:\/\/www.oekobib.lu\/fr\/wp-json\/wp\/v2\/pages\/56\/revisions\/2601"}],"wp:attachment":[{"href":"https:\/\/www.oekobib.lu\/fr\/wp-json\/wp\/v2\/media?parent=56"}],"curies":[{"name":"wp","href":"https:\/\/api.w.org\/{rel}","templated":true}]}}